{"id":2,"date":"2012-11-23T18:26:53","date_gmt":"2012-11-23T18:26:53","guid":{"rendered":"http:\/\/singleworld-ukraine.de\/?page_id=2"},"modified":"2016-03-26T10:31:24","modified_gmt":"2016-03-26T10:31:24","slug":"beispiel-seite","status":"publish","type":"page","link":"https:\/\/singleworld-ukraine.de\/?page_id=2","title":{"rendered":"Impressum"},"content":{"rendered":"<table border=\"0\" cellspacing=\"0\" cellpadding=\"0\">\n<tbody>\n<tr>\n<td align=\"left\" valign=\"top\" width=\"126\"><strong>Postanschrift:<\/strong><\/td>\n<td align=\"left\" valign=\"top\" width=\"162\">Partnertreff H &amp; L<br \/>\nPostfach 1268<br \/>\nD-72257 Baiersbronn<\/td>\n<td align=\"left\" valign=\"top\" width=\"212\"><\/td>\n<\/tr>\n<tr>\n<td align=\"left\" valign=\"top\" width=\"126\" height=\"25\"><\/td>\n<td align=\"left\" valign=\"top\" width=\"162\"><\/td>\n<td align=\"left\" valign=\"top\" width=\"212\"><\/td>\n<\/tr>\n<tr>\n<td align=\"left\" valign=\"top\" width=\"126\"><strong>Hausanschrift:<\/strong><\/td>\n<td align=\"left\" valign=\"top\" width=\"162\">Partnertreff H &amp; L<br \/>\nPappelweg 18<br \/>\nD-72270 Baiersbronn<\/td>\n<td align=\"left\" valign=\"top\" width=\"212\"><\/td>\n<\/tr>\n<tr>\n<td align=\"left\" valign=\"top\" width=\"126\" height=\"25\"><\/td>\n<td align=\"left\" valign=\"top\" width=\"162\"><\/td>\n<td align=\"left\" valign=\"top\" width=\"212\"><\/td>\n<\/tr>\n<tr>\n<td align=\"left\" valign=\"top\" width=\"126\"><strong>Kommunikation national:<\/strong><\/td>\n<td align=\"left\" valign=\"top\" width=\"162\">Tel.<br \/>\nTel. (VoIP)<br \/>\nFax<br \/>\nHandy<\/td>\n<td align=\"left\" valign=\"top\" width=\"212\">07442 &#8211; 1234546<br \/>\n07442 &#8211; 609333<br \/>\n07442 &#8211; 1234547<br \/>\n0170 &#8211; 9621099<\/td>\n<\/tr>\n<tr>\n<td align=\"left\" valign=\"top\" width=\"126\" height=\"25\"><\/td>\n<td align=\"left\" valign=\"top\" width=\"162\"><\/td>\n<td align=\"left\" valign=\"top\" width=\"212\"><\/td>\n<\/tr>\n<tr>\n<td align=\"left\" valign=\"top\" width=\"126\"><strong>Kommunikation international:<\/strong><\/td>\n<td align=\"left\" valign=\"top\" width=\"162\">Tel.<br \/>\nTel. (VoIP)<br \/>\nFax<br \/>\nHandy<\/td>\n<td align=\"left\" valign=\"top\" width=\"212\">0049 &#8211; 7442 &#8211; 1234546<br \/>\n0049 &#8211; 7442 &#8211; 609333<br \/>\n0049 &#8211; 7442 &#8211; 1234547<br \/>\n0049 &#8211; 170 &#8211; 9621099<\/td>\n<\/tr>\n<tr>\n<td align=\"left\" valign=\"top\" width=\"126\" height=\"45\"><\/td>\n<td align=\"left\" valign=\"top\" width=\"162\"><\/td>\n<td align=\"left\" valign=\"top\" width=\"212\"><\/td>\n<\/tr>\n<tr>\n<td align=\"left\" valign=\"top\" width=\"126\"><strong>E-Mail:<\/strong><\/td>\n<td colspan=\"2\" align=\"left\" valign=\"top\"><a href=\"mailto:info@partnertreff-hl.de\">info@partnertreff-hl.de<\/a><\/td>\n<\/tr>\n<tr>\n<td align=\"left\" valign=\"top\" width=\"126\" height=\"45\"><\/td>\n<td align=\"left\" valign=\"top\" width=\"162\"><\/td>\n<td align=\"left\" valign=\"top\" width=\"212\"><\/td>\n<\/tr>\n<tr>\n<td align=\"left\" valign=\"top\" width=\"126\"><strong>Bankverbindung national:<\/strong><\/td>\n<td align=\"left\" valign=\"top\" width=\"162\">Kontoinhaber:Institut:<br \/>\nBankleitzahl :<br \/>\nKontonummer:<\/td>\n<td align=\"left\" valign=\"top\" width=\"212\">Partnertreff H &amp; L<br \/>\nAnzhela Finkbeiner<br \/>\nVolksbank Baiersbronn<br \/>\n642 613 63<br \/>\n42 16 016<\/td>\n<\/tr>\n<tr>\n<td align=\"left\" valign=\"top\" width=\"126\" height=\"45\"><\/td>\n<td align=\"left\" valign=\"top\" width=\"162\"><\/td>\n<td align=\"left\" valign=\"top\" width=\"212\"><\/td>\n<\/tr>\n<tr>\n<td align=\"left\" valign=\"top\" width=\"126\"><strong>Bankverbindung<br \/>\ninternational:<\/strong><\/td>\n<td align=\"left\" valign=\"top\" width=\"162\">Kontoinhaber:Institut:<br \/>\nIBAN:<br \/>\nSWIFT \/ BIC:<\/td>\n<td align=\"left\" valign=\"top\" width=\"212\">Partnertreff H &amp; L<br \/>\nAnzhela Finkbeiner<br \/>\nVolksbank Baiersbronn<br \/>\nDE86642613630004216016<br \/>\nGENODES1BAI<\/td>\n<\/tr>\n<\/tbody>\n<\/table>\n<p>&nbsp;<\/p>\n<p><strong>Abgrenzung:<\/strong><br \/>\nDie Web-Pr\u00e4senz ist Teil des WWW und dementsprechend mit fremden, sich<br \/>\njederzeit wandeln k\u00f6nnenden Web-Sites verkn\u00fcpft, die folglich auch nicht diesem Verantwortungsbereich unterliegen und f\u00fcr die nachfolgende Informationen nicht gelten. Dass die Links weder gegen Sitten noch Gesetze versto\u00dfen, wurde genau<br \/>\nein mal gepr\u00fcft: bevor sie hier aufgenommen wurden. Solche Links, die zu fremden Webprojekten f\u00fchren, erkennen Sie daran: Schriftsymbollink oder Graphik-URL und<br \/>\nes geht ein neues Browserfenster auf.<\/p>\n<p>&nbsp;<\/p>\n<p><strong>Keine Haftung:<\/strong><\/p>\n<p>Die Inhalte dieses Webprojektes wurden sorgf\u00e4ltig gepr\u00fcft und nach bestem<br \/>\nWissen erstellt. Aber f\u00fcr die hier dargebotenen Informationen wird kein Anspruch<br \/>\nauf Vollst\u00e4ndigkeit, Aktualit\u00e4t, Qualit\u00e4t und Richtigkeit erhoben. Es kann keine Verantwortung f\u00fcr Sch\u00e4den \u00fcbernommen werden, die durch das Vertrauen auf die<br \/>\nInhalte dieser Website oder deren Gebrauch entstehen.<\/p>\n<p>&nbsp;<\/p>\n<p><strong>Haftungshinweis:<\/strong><\/p>\n<p>Trotz sorgf\u00e4ltiger inhaltlicher Kontrolle \u00fcbernehmen wir keine Haftung f\u00fcr die<br \/>\nInhalte externer Links. F\u00fcr den Inhalt der verlinkten Seiten sind ausschlie\u00dflich<br \/>\nderen Betreiber verantwortlich. Hiermit distanzieren wir uns ausdr\u00fccklich von<br \/>\nallen auf den gelinkten Seiten angebotenen Inhalten und machen uns den<br \/>\ndortigen Inhalt nicht zu eigen. Diese Erkl\u00e4rung gilt f\u00fcr alle auf dieser Internet-<br \/>\npr\u00e4senz verf\u00fcgbaren Links und f\u00fcr alle Inhalte der Seiten, zu denen die Links<br \/>\nf\u00fchren.<\/p>\n<p>&nbsp;<\/p>\n<p><strong>Keine Abmahnung ohne vorherigen Kontakt!<\/strong><\/p>\n<p>Sollte der Inhalt, die Aufmachung oder die Preisgestaltung usw. dieser Seiten<br \/>\nfremde Rechte Dritter oder gesetzliche Bestimmungen verletzen, so bitten wir um<br \/>\neine entsprechende Nachricht ohne Kostennote. Wir garantieren, dass die zu Recht<br \/>\nbeanstandeten Passagen \/ Eintragungen unverz\u00fcglich entfernt werden, ohne dass von Ihrer Seite die Einschaltung eines Rechtsbeistandes erforderlich ist. Dennoch<br \/>\nvon Ihnen ohne vorherige Kontaktaufnahme ausgel\u00f6ste Kosten werden wir<br \/>\nvollumf\u00e4nglich zur\u00fcckweisen und gegebenenfalls Gegenklage wegen Verletzung<br \/>\nvorgenannter Bestimmungen einreichen.<\/p>\n<p>&nbsp;<\/p>\n<p><strong>Copyright \u00a9 2008 Partnertreff H &amp; L,<\/strong><br \/>\nwww.partnertreff-hl.de, alle Rechte vorbehalten.<\/p>\n<p>&nbsp;<\/p>\n<p>Technische Wartung des Blogs:<\/p>\n<p>WR-Medien.de | <a title=\"Webseite programmieren\" href=\"http:\/\/www.wr-medien.de\" target=\"_blank\">Webseite programmieren<\/a><\/p>\n","protected":false},"excerpt":{"rendered":"<p>Postanschrift: Partnertreff H &amp; L Postfach 1268 D-72257 Baiersbronn Hausanschrift: Partnertreff H &amp; L Pappelweg 18 D-72270 Baiersbronn Kommunikation national: Tel. Tel. (VoIP) Fax Handy 07442 &#8211; 1234546 07442 &#8211; 609333 07442 &#8211; 1234547 0170 &#8211; 9621099 Kommunikation international: Tel. Tel. (VoIP) Fax Handy 0049 &#8211; 7442 &#8211; 1234546 0049 &#8211; 7442 &#8211; 609333 0049 [&hellip;]<\/p>\n","protected":false},"author":1,"featured_media":0,"parent":0,"menu_order":0,"comment_status":"open","ping_status":"open","template":"","meta":[],"_links":{"self":[{"href":"https:\/\/singleworld-ukraine.de\/index.php?rest_route=\/wp\/v2\/pages\/2"}],"collection":[{"href":"https:\/\/singleworld-ukraine.de\/index.php?rest_route=\/wp\/v2\/pages"}],"about":[{"href":"https:\/\/singleworld-ukraine.de\/index.php?rest_route=\/wp\/v2\/types\/page"}],"author":[{"embeddable":true,"href":"https:\/\/singleworld-ukraine.de\/index.php?rest_route=\/wp\/v2\/users\/1"}],"replies":[{"embeddable":true,"href":"https:\/\/singleworld-ukraine.de\/index.php?rest_route=%2Fwp%2Fv2%2Fcomments&post=2"}],"version-history":[{"count":3,"href":"https:\/\/singleworld-ukraine.de\/index.php?rest_route=\/wp\/v2\/pages\/2\/revisions"}],"predecessor-version":[{"id":45,"href":"https:\/\/singleworld-ukraine.de\/index.php?rest_route=\/wp\/v2\/pages\/2\/revisions\/45"}],"wp:attachment":[{"href":"https:\/\/singleworld-ukraine.de\/index.php?rest_route=%2Fwp%2Fv2%2Fmedia&parent=2"}],"curies":[{"name":"wp","href":"https:\/\/api.w.org\/{rel}","templated":true}]}}